{"id":3,"date":"2020-03-17T17:55:09","date_gmt":"2020-03-17T17:55:09","guid":{"rendered":"http:\/\/teleinformazionescientifica.it\/?page_id=3"},"modified":"2020-06-16T10:43:07","modified_gmt":"2020-06-16T10:43:07","slug":"privacy-policy","status":"publish","type":"page","link":"https:\/\/teleinformazionescientifica.it\/index.php\/privacy-policy\/","title":{"rendered":"Informativa sui dati personali"},"content":{"rendered":"<p>ai sensi dell\u2019art. 13 del D. Lgs 196\/2003<\/p>\n<p>Teleinformazione Scientifica \u00e8 un progetto a capo di Docunque SRL che \u00e8 il titolare dei dati raccolti e che li utilizzer\u00e0 per finalit\u00e0 di promozione commerciale.<\/p>\n<p>Per Docunque \u00e8 di fondamentale importanza effettuare e garantire una gestione responsabile dei dati raccolti. L\u2019accesso e l\u2019uso dei dati attraverso la piattaforma \u00e8 fatta in accordo alle disposizioni di legge europee (Regolamento Generale della Protezione dei Dati &#8211; GDPR) e italiane. Il presente documento spiega con quale scopo Docunque acquisisce e processa dati personali.<\/p>\n<p>L&#8217;informativa che segue \u00e8 redatta, ai sensi dell&#8217;art. 13 del Regolamento UE 2016\/679 (&#8220;Regolamento&#8221;), da Docunque S.R.L. (&#8220;Docunque SRL&#8221;), in relazione ai dati personali degli utenti raccolti in occasione dell&#8217;accesso e\/o della registrazione al sito ilmio.docunque.it (&#8220;Portale Medico&#8221;) e\/o della effettuazione una richiesta di servizi di assistenza e customer care del Portale (cumulativamente, i &#8220;Servizi del Portale&#8221;). Inoltre \u00e8 resa con riferimento anche al sito iltuo.docunque.it (\u201cPortale Assistito\u201d) e pharma.docunque.it (\u201cPortale Azienda\u201d) attraverso cui Docunque opera, con le medesime modalit\u00e0, per offrire il suo servizio. L\u2019insieme di tali suites di portali e servizi \u00e8 chiamata \u201cPiattaforma\u201d o \u201cDocunque\u201d ed \u00e8 accessibile previa accettazione del contratto di servizio (\u201cContratto\u201d).<\/p>\n<p>Premessa: Il ruolo Docunque rispetto ai dati personali<br \/>\nDocunque SRL opera sulla Piattaforma di cui \u00e8 titolare, come erogatore del servizio.<br \/>\nLa Piattaforma consente la gestione dei dati sanitari medici al fine di fornire un servizio gestionale moderno e innovativo. La Piattaforma \u00e8 fornita ai medici, nella propria versione base, in modo gratuito previa accettazione delle condizioni contratto.<br \/>\nDocunque si integra con con i servizi del Sistema Sanitario Nazionale (ad esempio per l\u2019invio di prescrizioni dematerializzate), i servizi INPS e i Servizi Regionali (in breve, \u201cSanit\u00e0 Digitale\u201d) introdotti per rendere pi\u00f9 efficiente e di qualit\u00e0 le prestazioni del Servizio Sanitario Nazionale. Docunque offre informazioni su farmaci e prestazioni e facilita il lavoro di equipe. La Piattaforma offre anche un servizio di informazione scientifica digitale e di comunicazione verso medici e assistiti.<br \/>\nI dati personali dell&#8217;utente sono quindi trattati da Docunque SRL e, nel caso di utilizzo di servizi di Sanit\u00e0 Digitale sono comunicati a terzi (Servizio Sanitario Nazionale, Regioni, INPS) che si configurano come titolari autonomi del trattamento.<br \/>\nL\u2019utente \u00e8 responsabile dei dati inseriti nel sistema. Qualora tali dati si riferissero a persone terze, l\u2019utente dichiara di essere in possesso di autorizzazione per il loro inserimento e che tale autorizzazione include le clausole descritte nel presente documento.<\/p>\n<p>Tutte le finalit\u00e0 dei trattamenti dei dati personali sono riportate in questo documento.<\/p>\n<p>Titolarit\u00e0 del trattamento dei dati<br \/>\nIl titolare del Trattamento dei dati \u00e8:<\/p>\n<p>Titolare dei Dati<br \/>\nDocunque srl<br \/>\nVia Giacomo Matteotti 51<br \/>\n00046 Frascati (Italia)<br \/>\nP: privacy@docunque.it<br \/>\nNel caso di utilizzo dei servizi di Sanit\u00e0 Digitale, i titolari dei dati, limitatamente ai dati comunicati per l\u2019erogazione di tali servizi, sono i rispettivi fornitori quali Servizio Sanitario Nazionale, INPS, Regioni.<\/p>\n<p>Finalit\u00e0 del trattamento dei dati<br \/>\nTrattamento dei dati per la fornitura del servizio<br \/>\nI dati personali inseriti dall\u2019utente sono utilizzati allo scopo di:<\/p>\n<p>Consentire la registrazione presso la Piattaforma, la personalizzazione e la gestione di informazioni riguardanti assistiti e medico.<br \/>\nConsentire la fornitura del servizio di Cartella Clinica Elettronica erogata da Docunque, la gestione delle operazioni mediche su tali dati e il corretto processamento e memorizzazione delle informazioni ivi contenute con finalit\u00e0 sanitarie e gestionali<br \/>\nConsentire l\u2019interfacciamento con i servizi di Sanit\u00e0 Digitale<br \/>\nLa base giuridica per questo trattamento \u00e8 l&#8217;adempimento del contratto o, a seconda dei casi, l&#8217;esecuzione di misure precontrattuali adottate su richiesta dell&#8217;interessato (art. 6.1.b) del Regolamento).<\/p>\n<p>Per questa finalit\u00e0, Docunque SRL tratter\u00e0 i dati dell&#8217;utente per il tempo strettamente necessario allo svolgimento delle singole attivit\u00e0 di trattamento (es: i dati di registrazione saranno trattati sino alla chiusura dell&#8217;account, tenuto conto dei tempi tecnici necessari alla stessa; i dati relativi ad assistiti saranno trattenuti sino alla loro cancellazione da parte del medico titolare o su esplicita richiesta degli interessati), fermo restando che, scaduto tale termine, Docunque SRL potr\u00e0 conservare i dati per le finalit\u00e0 e per i periodi massimi di conservazione di cui alle sezioni successive della presente informativa e\/o, comunque, nei casi stabiliti dal Regolamento e\/o dalla legge.<\/p>\n<p>Trattamento dei dati per l\u2019assistenza tecnica\/customer care<br \/>\nDocunque SRL tratter\u00e0 i dati degli utenti per attivit\u00e0 generica di assistenza e di customer care e quindi per dare riscontro alle richieste di informazioni provenienti dagli utenti ovvero per rispondere a reclami, segnalazioni, contestazioni.<br \/>\nLa base giuridica di questo trattamento \u00e8 l&#8217;esecuzione di misure precontrattuali adottate su richiesta dell&#8217;interessato (art. 6.1.b, ultimo capoverso, del Regolamento) o, a seconda dei casi, il legittimo interesse di Docunque SRL (art. 6.1.f) del Regolamento).<br \/>\nL&#8217;utente ha, in ogni caso, il diritto di opporsi, in qualsiasi momento, per motivi connessi alla sua situazione personale, al trattamento dei dati personali che lo riguardano per la finalit\u00e0 in oggetto (i.e. assistenza e customer care).<br \/>\nPer esercitare tale diritto, l&#8217;utente pu\u00f2 contattare Docunque SRL ai seguenti recapiti: privacy@docunque.it.<\/p>\n<p>Trattamento dei dati per marketing generico<br \/>\nPrevio consenso espresso dell&#8217;utente, Docunque SRL tratter\u00e0 i dati personali dell&#8217;utente per l&#8217;invio di comunicazioni informative e promozionali riferite a prodotti e\/o servizi propri e\/o di terzi nonch\u00e9 per fini di vendita diretta e per lo svolgimento di ricerche di mercato, tramite e-mail e\/o tramite il servizio postale.<br \/>\nLa base giuridica di questo trattamento \u00e8 il consenso espresso dell&#8217;utente (art. 6.1.a) del Regolamento).<br \/>\nL&#8217;utente potr\u00e0 revocare in ogni momento il consenso prestato e\/o opporsi, in qualsiasi momento, al trattamento dei suoi dati per finalit\u00e0 di marketing:<br \/>\ncontattando Docunque SRL ai seguenti recapiti: privacy@docunque.it<\/p>\n<p>Il conferimento dei dati per la finalit\u00e0 di marketing generico \u00e8 una condizione necessaria all\u2019adempimento del contratto.<br \/>\nPer la finalit\u00e0 di marketing generico, Docunque tratter\u00e0 i dati dell&#8217;utente sino alla revoca del consenso e\/o all&#8217;esercizio del diritto di opposizione, alla cancellazione dell\u2019account e, in ogni caso, non oltre sei anni dalla raccolta dei dati, riservandosi la facolt\u00e0, prima della scadenza di tale termine, di chiedere all&#8217;utente il rinnovo del consenso e\/o l&#8217;aggiornamento dei dati.<\/p>\n<p>Trattamento dei dati per prevenzione all\u2019uso improprio del servizio, compreso il monitoraggio<br \/>\nDocunque SRL tratter\u00e0 i dati personali degli utenti al fine di prevenire l&#8217;uso improprio dei suoi servizi e, in particolare, la presenza di utenti con falsa dichiarazione di titoli di studio (es. finti medici) e l\u2019utilizzo della Piattaforma da terzi con fini pubblicitari non autorizzati.<br \/>\nTale attivit\u00e0 avviene attraverso un sistema di monitoraggio basato sull\u2019intervento umano ma che pu\u00f2 far uso di sistemi semi-automatici.<br \/>\nCostituisce legittimo interesse di Docunque SRL svolgere un&#8217;attivit\u00e0, anche di monitoraggio, a fini di prevenzione dell&#8217;uso improprio dei propri servizi. Tale legittimo interesse di Docunque SRL coincide, inoltre, con il legittimo interesse degli utenti della Piattaforma e, in genere, della collettivit\u00e0, che hanno, a loro volta, un interesse legittimo a conoscere quando si stanno rivolgendo a un medico; si pu\u00f2 ritenere, quindi, che gli utenti, nell&#8217;ambito della relazione con Docunque SRL, ragionevolmente si aspettino che i loro dati siano trattati anche per finalit\u00e0 di prevenzione dell&#8217;uso improprio dei Servizi della Piattaforma, a loro stessa tutela e garanzia e che conseguentemente il legittimo interesse di Docunque SRL possa ritenersi prevalente sugli interessi, i diritti e le libert\u00e0 dell&#8217;interessato.<\/p>\n<p>La base giuridica di questo trattamento \u00e8 il legittimo interesse di Docunque SRL (art. 6.1.f) del Regolamento).<br \/>\nL&#8217;utente ha, in ogni caso, il diritto di opporsi, in qualsiasi momento, per motivi connessi alla sua situazione personale, al trattamento dei dati personali che lo riguardano per la finalit\u00e0 in oggetto (i.e. prevenzione delle frodi).<br \/>\nPer esercitare tale diritto, l&#8217;utente pu\u00f2 contattare Docunque SRL ai seguenti recapiti: privacy@docunque.it<\/p>\n<p>La decisione basata produce effetti giuridici che riguardano l&#8217;interessato (i.e. la risoluzione del contratto di acquisto) ed \u00e8 consentita dalla causa di esenzione di cui all&#8217;art. 22.2.a) del GDPR, in quanto necessaria all&#8217;esecuzione del contratto tra il titolare del trattamento e l&#8217;interessato e\/o comunque connessa a tale contratto e alla sua validit\u00e0 ed efficacia. L&#8217;utente ha quindi il diritto, in qualsiasi momento, di:<\/p>\n<p>ottenere spiegazioni da parte di Docunque SRL;<br \/>\nesprimere la propria opinione;<br \/>\ncontestare la decisione presa da Docunque SRL.<br \/>\nPer esercitare tali diritti, l&#8217;utente pu\u00f2 contattare Docunque SRL ai seguenti recapiti: privacy@docunque.it<br \/>\nTrattamento dei dati per profilazione ai fini di marketing<br \/>\nPrevio consenso esplicito dell&#8217;utente, Docunque SRL tratter\u00e0 i dati personali degli utenti, in modo automatizzato, per:<\/p>\n<p>monitorare e tracciare il comportamento degli utenti sulla Piattaforma, raccogliendo e registrando i dati relativi alla navigazione (es: pagine visitate, funzionalit\u00e0 utilizzate, dispositivo di accesso) e i dati di utilizzo (es: prescrizione di farmaci, numero di assistiti, interazioni con assistiti, certificati medici);<br \/>\nanalizzare ed elaborare tali dati, unitamente ad altre informazioni afferenti agli utenti (quali, a titolo esemplificativo, genere, stato dell&#8217;ordine, CAP, data di nascita, indirizzo IP), al fine di individuare correlazioni tra i comportamenti degli utenti e inserire gli stessi in vari &#8220;cluster&#8221; ovvero insiemi di tipologie di clienti che possono avere caratteristiche comuni;<br \/>\ninviare, tramite e-mail o tramite posta, e\/o far visualizzare sul Sito agli utenti comunicazioni personalizzate ossia abbinate al cluster in cui l&#8217;utente \u00e8 stato inserito e, quindi, di suo presunto specifico interesse;<br \/>\nricevere, previo consenso, comunicazioni telefoniche riguardanti informazione scientifica su farmaci o a fini commerciali.<br \/>\nTutte le fasi del trattamento, compresa la decisione finale circa la comunicazione promozionale da inviare o far visualizzare all&#8217;utente in base al o ai cluster di appartenenza, avvengono in modo completamente automatizzato, senza alcun intervento umano, sulla base di un algoritmo i cui parametri sono stati precedentemente impostati da Docunque SRL.<br \/>\nLa decisione basata unicamente sul trattamento automatizzato, compresa la profilazione produce effetti giuridici che riguardano l&#8217;interessato (i.e. la limitazione della sua libert\u00e0 di scelta) ed \u00e8 consentita dalla causa di esenzione di cui all&#8217;art. 22.2.a) del GDPR, in quanto necessaria all&#8217;esecuzione del contratto tra il titolare del trattamento e l&#8217;interessato e\/o comunque connessa a tale contratto e alla sua validit\u00e0 ed efficacia.<br \/>\nL&#8217;utente ha quindi il diritto, in qualsiasi momento, di:<br \/>\nottenere l&#8217;intervento umano da parte di Docunque SRL;<br \/>\nesprimere la propria opinione;<br \/>\ncontestare la decisione presa da Docunque SRL (es: l&#8217;inserimento in un dato cluster).<br \/>\nPer esercitare tale diritto, l&#8217;utente pu\u00f2 contattare Docunque SRL ai seguenti recapiti: privacy@docunque.it<br \/>\nLa base giuridica di questo trattamento \u00e8 il consenso esplicito dell&#8217;interessato (art. 21.1.c) del Regolamento).<br \/>\nL&#8217;utente pu\u00f2 revocare in ogni momento il consenso prestato e\/o opporsi, in qualsiasi momento, al trattamento dei suoi dati per finalit\u00e0 di profilazione a fini di marketing: contattando Docunque SRL attraverso l&#8217;indirizzo privacy@docunque.it<br \/>\nPer la finalit\u00e0 di profilazione a fini di marketing, Docunque SRL tratter\u00e0 i dati dell&#8217;utente sino alla revoca del consenso e\/o all&#8217;esercizio del diritto di opposizione e, in ogni caso, non oltre sei mesi dalla raccolta.<br \/>\nIl conferimento dei dati per la finalit\u00e0 di profilazione a fini di marketing \u00e8 condizione necessaria all\u2019adempimento del contratto; \u00e8 necessario cio\u00e8 al fine della fruizione gratuita del prodotto.<br \/>\nIl consenso all\u2019utilizzo dei dati con finalit\u00e0 di marketing via mezzo telefonico\/email \u00e8 invece facoltativo: non esiste cio\u00e8 a carico dell&#8217;utente un obbligo legale o contrattuale di fornire tali dati per tale finalit\u00e0 e\/o di prestare il consenso al trattamento dei suoi dati per tale finalit\u00e0.<\/p>\n<p>Trattamento dei dati per consentire all\u2019utente l\u2019esercizio di diritti<br \/>\nDocunque SRL tratter\u00e0 i dati degli utenti al fine di ricevere e dare riscontro alle richieste di esercizio dei diritti in materia di protezione dei dati personali previsti dal Regolamento e svolgere tutte le attivit\u00e0 conseguenti.<br \/>\nLa base giuridica di questo trattamento \u00e8 l&#8217;adempimento di obblighi di legge, art. 6.1.c del Regolamento.<\/p>\n<p>Trattamento dei dati per fini statistici e di ricerca scientifica<br \/>\nI dati forniti dall\u2019utente potranno essere utilizzati per la ricerca scientifica (es. ricerca clinica su alcune patologie, ricerca su farmaco) o per fini statistici. I dati potranno essere quindi essere ceduti a terzi (es. Universit\u00e0, centri di ricerca) in forma anonima.<\/p>\n<p>La base giuridica di questo trattamento \u00e8 nell\u2019articolo 26 del Regolamento che esclude i dati anonimizzati da tale regolamentazione.<\/p>\n<p>Diritti dell\u2019interessato<br \/>\nDiritto di opposizione<br \/>\nL&#8217;interessato ha il diritto di opporsi in qualsiasi momento, per motivi connessi alla sua situazione particolare, al trattamento dei dati personali che lo riguardano effettuati per le finalit\u00e0 di cui alle sezioni della presente informativa e aventi come base giuridica il legittimo interesse del titolare del trattamento.<br \/>\nNel caso in cui i dati siano trattati per finalit\u00e0 di marketing diretto l&#8217;interessato ha inoltre il diritto di opporsi in qualsiasi momento al trattamento dei dati personali che lo riguardano ed utilizzati per tali finalit\u00e0, compresa la profilazione nella misura in cui sia connessa a tale marketing diretto.<br \/>\nL&#8217;interessato pu\u00f2 esercitare il diritto di opposizione nei confronti del titolare del trattamento contattando Docunque SRL ai seguenti recapiti: privacy@docunque.it.<\/p>\n<p>Diritto di accesso<br \/>\nL&#8217;interessato ha diritto di ottenere dal titolare del trattamento la conferma che sia o meno in corso un trattamento di dati personali che lo riguardano e, in tal caso, di ottenere l&#8217;accesso ai dati personali e alle informazioni di seguito indicate. L&#8217;interessato pu\u00f2 esercitare il diritto di accesso contattando Docunque SRL ai seguenti recapiti: privacy@docunque.it.<\/p>\n<p>Diritto di rettifica<br \/>\nL&#8217;interessato ha il diritto di ottenere dal titolare del trattamento la rettifica dei dati personali che lo riguardano senza ingiustificato ritardo. Tenuto conto delle finalit\u00e0 del trattamento, l&#8217;interessato ha il diritto di ottenere l&#8217;integrazione dei dati personali incompleti, anche fornendo una dichiarazione integrativa.<br \/>\nL&#8217;interessato pu\u00f2 esercitare il diritto di rettifica contattando Docunque SRL ai seguenti recapiti: privacy@docunque.it. Nel caso in cui la Piattaforma lo permetta, l\u2019interessato pu\u00f2 anche provvedere personalmente alla rettifica dei dati che lo riguardano mediante gli appositi moduli elettronici presenti (es. pagina profilo, pagine assistiti).<\/p>\n<p>Diritto di cancellazione<br \/>\nL&#8217;interessato ha il diritto di ottenere dal titolare del trattamento la cancellazione dei dati personali che lo riguardano senza ingiustificato ritardo e il titolare del trattamento ha l&#8217;obbligo di cancellare senza ingiustificato ritardo i dati personali. L&#8217;interessato pu\u00f2 esercitare il diritto di cancellazione contattando Docunque SRL ai seguenti recapiti: privacy@docunque.it<\/p>\n<p>Diritto di limitazione di trattamento<br \/>\nL&#8217;interessato ha diritto di ottenere dal titolare del trattamento la limitazione del trattamento quando ricorre una delle seguenti ipotesi:<\/p>\n<p>l&#8217;interessato contesta l&#8217;esattezza dei dati personali per il periodo di tempo necessario al titolare del trattamento per verificare l&#8217;esattezza di tali dati personali;<br \/>\nil trattamento \u00e8 illecito e l&#8217;interessato si oppone alla cancellazione dei dati personali e chiede invece che ne sia limitato l&#8217;utilizzo;<br \/>\nbench\u00e9 il titolare del trattamento non ne abbia pi\u00f9 bisogno ai fini del trattamento, i dati personali sono necessari all&#8217;interessato per l&#8217;accertamento, l&#8217;esercizio o la difesa di un diritto in sede giudiziaria;<br \/>\nl&#8217;interessato si \u00e8 opposto al trattamento nelle ipotesi di trattamento basato sul legittimo interesse del titolare del trattamento, per motivi connessi alla sua situazione particolare, in attesa della verifica in merito all&#8217;eventuale prevalenza dei motivi legittimi del titolare del trattamento rispetto a quelli dell&#8217;interessato.<br \/>\nL&#8217;interessato pu\u00f2 esercitare il diritto di limitazione contattando Docunque SRL ai seguenti recapiti: privacy@docunque.it<br \/>\nDiritto alla portabilit\u00e0 dei dati<br \/>\nL&#8217;interessato ha il diritto di ricevere in un formato strutturato, di uso comune e leggibile da dispositivo automatico, i dati personali che lo riguardano forniti a un titolare del trattamento e ha il diritto di trasmettere tali dati a un altro titolare del trattamento senza impedimenti da parte del titolare del trattamento cui li ha forniti, qualora:<\/p>\n<p>il trattamento si basi sul consenso dell&#8217;interessato o su un contratto;<br \/>\nil trattamento sia effettuato con mezzi automatizzati.<br \/>\nL&#8217;interessato pu\u00f2 esercitare il diritto alla portabilit\u00e0 :<\/p>\n<p>contattando Docunque SRL ai seguenti recapiti: privacy@docunque.it;<br \/>\nqualora possibile in via autonoma utilizzando le funzionalit\u00e0 di esportazione dei dati presenti sulla Piattaforma<br \/>\nTempi e modalit\u00e0 di risposta in caso di esercizio dei diritti dell&#8217;interessato<br \/>\nIl titolare del trattamento fornisce all&#8217;interessato le informazioni circa le azioni intraprese in relazione a una richiesta di esercizio dei diritti riconosciuti dagli art. da 15 a 22 del Regolamento (i.e. diritto di accesso, diritto di rettifica, diritto di cancellazione, diritto di limitazione del trattamento, diritto alla portabilit\u00e0 dei dati, diritto di opposizione) e di cui alle sezioni della presente informativa (&#8220;Diritti dell&#8217;Interessato&#8221;), senza ingiustificato ritardo e, comunque, entro un mese dal ricevimento della richiesta stessa. Tale termine pu\u00f2 essere prorogato di due mesi, se necessario, tenuto conto della complessit\u00e0 e del numero delle richieste. Il titolare del trattamento informa l&#8217;interessato di tale proroga, e dei motivi del ritardo, entro un mese dal ricevimento della richiesta. Se l&#8217;interessato presenta la richiesta mediante mezzi elettronici, le informazioni sono fornite, ove possibile, con mezzi elettronici, salvo diversa indicazione dell&#8217;interessato.<\/p>\n<p>Diritto di proporre reclamo all&#8217;autorit\u00e0 di controllo<br \/>\nFatto salvo ogni altro ricorso amministrativo o giurisdizionale, l&#8217;interessato che ritenga che il trattamento che lo riguarda violi il Regolamento ha il diritto di proporre reclamo all&#8217;autorit\u00e0 di controllo, segnatamente nello Stato membro in cui risiede abitualmente, lavora oppure del luogo in cui si \u00e8 verificata la presunta violazione. L&#8217;autorit\u00e0 di controllo a cui \u00e8 stato proposto il reclamo informa il reclamante dello stato o dell&#8217;esito del reclamo, compresa la possibilit\u00e0 di un ricorso giurisdizionale.<\/p>\n","protected":false},"excerpt":{"rendered":"<p>ai sensi dell\u2019art. 13 del D. Lgs 196\/2003 Teleinformazione Scientifica \u00e8 un progetto a capo di Docunque SRL che \u00e8 il titolare dei dati raccolti e che li utilizzer\u00e0 per finalit\u00e0 di promozione commerciale. Per Docunque \u00e8 di fondamentale importanza effettuare e garantire una gestione responsabile dei dati raccolti. L\u2019accesso e l\u2019uso dei dati attraverso [&hellip;]<\/p>\n","protected":false},"author":1,"featured_media":0,"parent":0,"menu_order":0,"comment_status":"closed","ping_status":"open","template":"","meta":{"_monsterinsights_skip_tracking":false,"_monsterinsights_sitenote_active":false,"_monsterinsights_sitenote_note":"","_monsterinsights_sitenote_category":0,"footnotes":""},"_links":{"self":[{"href":"https:\/\/teleinformazionescientifica.it\/index.php\/wp-json\/wp\/v2\/pages\/3"}],"collection":[{"href":"https:\/\/teleinformazionescientifica.it\/index.php\/wp-json\/wp\/v2\/pages"}],"about":[{"href":"https:\/\/teleinformazionescientifica.it\/index.php\/wp-json\/wp\/v2\/types\/page"}],"author":[{"embeddable":true,"href":"https:\/\/teleinformazionescientifica.it\/index.php\/wp-json\/wp\/v2\/users\/1"}],"replies":[{"embeddable":true,"href":"https:\/\/teleinformazionescientifica.it\/index.php\/wp-json\/wp\/v2\/comments?post=3"}],"version-history":[{"count":1,"href":"https:\/\/teleinformazionescientifica.it\/index.php\/wp-json\/wp\/v2\/pages\/3\/revisions"}],"predecessor-version":[{"id":6867,"href":"https:\/\/teleinformazionescientifica.it\/index.php\/wp-json\/wp\/v2\/pages\/3\/revisions\/6867"}],"wp:attachment":[{"href":"https:\/\/teleinformazionescientifica.it\/index.php\/wp-json\/wp\/v2\/media?parent=3"}],"curies":[{"name":"wp","href":"https:\/\/api.w.org\/{rel}","templated":true}]}}